{"id":600,"date":"2022-03-29T08:32:45","date_gmt":"2022-03-29T08:32:45","guid":{"rendered":"https:\/\/demo.creativethemes.com\/blocksy\/cleaning-service\/?page_id=3"},"modified":"2024-01-21T13:21:55","modified_gmt":"2024-01-21T12:21:55","slug":"mentions-legales","status":"publish","type":"page","link":"https:\/\/solutions-zero-nuisible.fr\/index.php\/mentions-legales\/","title":{"rendered":"Mentions l\u00e9gales"},"content":{"rendered":"\n<p class=\"has-large-font-size\"><strong>Mentions L\u00e9gales &#8211; Solutions Z\u00e9ro Nuisible<\/strong><\/p>\n\n\n\n<p><em>Soci\u00e9t\u00e9 par Actions Simplifi\u00e9e (SAS)<\/em><\/p>\n\n\n\n<p>Si\u00e8ge social : 49 rue de Ponhieux, 75008 Paris<\/p>\n\n\n\n<p class=\"has-large-font-size\"><strong>Coordonn\u00e9es :<\/strong><\/p>\n\n\n\n<p>Adresse postale : 49 rue de Ponhieux, 75008 Paris<\/p>\n\n\n\n<p>T\u00e9l\u00e9phone : 06 25 20 24 20<\/p>\n\n\n\n<p>Email : <a>contact@solutionszeronuisible.fr<\/a><\/p>\n\n\n\n<p class=\"has-large-font-size\"><strong>H\u00e9bergeur du site :<\/strong><\/p>\n\n\n\n<p>Hostinger<\/p>\n\n\n\n<p class=\"has-large-font-size\"><strong>Propri\u00e9t\u00e9 intellectuelle :<\/strong><\/p>\n\n\n\n<p>Le contenu du site web de Solutions Z\u00e9ro Nuisible, y compris les textes, images, graphiques et tout autre \u00e9l\u00e9ment, est la propri\u00e9t\u00e9 exclusive de Solutions Z\u00e9ro Nuisible. Toute reproduction, repr\u00e9sentation, modification, publication, transmission ou d\u00e9naturation, totale ou partielle, du site ou de son contenu, par quelque proc\u00e9d\u00e9 que ce soit, et sur quelque support que ce soit, est interdite.<\/p>\n\n\n\n<p class=\"has-large-font-size\"><strong>Protection des donn\u00e9es personnelles :<\/strong><\/p>\n\n\n\n<p>Les informations personnelles collect\u00e9es sur ce site sont destin\u00e9es \u00e0 Solutions Z\u00e9ro Nuisible et sont n\u00e9cessaires pour r\u00e9pondre \u00e0 vos demandes. Conform\u00e9ment \u00e0 la loi \u00ab\u00a0Informatique et Libert\u00e9s\u00a0\u00bb , vous disposez d&rsquo;un droit d&rsquo;acc\u00e8s, de rectification, et de suppression des donn\u00e9es vous concernant. <\/p>\n\n\n\n<p class=\"has-large-font-size\"><strong>Cookies :<\/strong><\/p>\n\n\n\n<p>Ce site utilise des cookies. Vous pouvez vous opposer \u00e0 l&rsquo;enregistrement de ces cookies en configurant votre navigateur conform\u00e9ment aux instructions fournies par votre navigateur.<\/p>\n\n\n\n<p class=\"has-large-font-size\"><strong>Responsabilit\u00e9 :<\/strong><\/p>\n\n\n\n<p>Solutions Z\u00e9ro Nuisible d\u00e9cline toute responsabilit\u00e9 quant \u00e0 l&rsquo;utilisation qui pourrait \u00eatre faite des informations pr\u00e9sentes sur ce site. L&rsquo;utilisateur est seul responsable de l&rsquo;utilisation de telles informations.<\/p>\n","protected":false},"excerpt":{"rendered":"<p>Mentions L\u00e9gales &#8211; Solutions Z\u00e9ro Nuisible Soci\u00e9t\u00e9 par Actions Simplifi\u00e9e (SAS) Si\u00e8ge social : 49 rue de Ponhieux, 75008 Paris Coordonn\u00e9es : Adresse postale : 49 rue de Ponhieux, 75008 Paris T\u00e9l\u00e9phone : 06 25 20 24 20 Email : contact@solutionszeronuisible.fr H\u00e9bergeur du site : Hostinger Propri\u00e9t\u00e9 intellectuelle : Le contenu du site web de [&hellip;]<\/p>\n","protected":false},"author":1,"featured_media":0,"parent":0,"menu_order":0,"comment_status":"closed","ping_status":"closed","template":"","meta":{"content-type":"","footnotes":""},"class_list":["post-600","page","type-page","status-publish","hentry"],"blocksy_meta":[],"_links":{"self":[{"href":"https:\/\/solutions-zero-nuisible.fr\/index.php\/wp-json\/wp\/v2\/pages\/600","targetHints":{"allow":["GET"]}}],"collection":[{"href":"https:\/\/solutions-zero-nuisible.fr\/index.php\/wp-json\/wp\/v2\/pages"}],"about":[{"href":"https:\/\/solutions-zero-nuisible.fr\/index.php\/wp-json\/wp\/v2\/types\/page"}],"author":[{"embeddable":true,"href":"https:\/\/solutions-zero-nuisible.fr\/index.php\/wp-json\/wp\/v2\/users\/1"}],"replies":[{"embeddable":true,"href":"https:\/\/solutions-zero-nuisible.fr\/index.php\/wp-json\/wp\/v2\/comments?post=600"}],"version-history":[{"count":2,"href":"https:\/\/solutions-zero-nuisible.fr\/index.php\/wp-json\/wp\/v2\/pages\/600\/revisions"}],"predecessor-version":[{"id":2567,"href":"https:\/\/solutions-zero-nuisible.fr\/index.php\/wp-json\/wp\/v2\/pages\/600\/revisions\/2567"}],"wp:attachment":[{"href":"https:\/\/solutions-zero-nuisible.fr\/index.php\/wp-json\/wp\/v2\/media?parent=600"}],"curies":[{"name":"wp","href":"https:\/\/api.w.org\/{rel}","templated":true}]}}